{"id":352,"date":"2026-03-16T07:26:21","date_gmt":"2026-03-16T07:26:21","guid":{"rendered":"https:\/\/pet-horizon.com\/?post_type=product&#038;p=352"},"modified":"2026-03-23T03:21:51","modified_gmt":"2026-03-23T03:21:51","slug":"tofu-cat-litter","status":"publish","type":"product","link":"https:\/\/pet-horizon.com\/es\/product\/tofu-cat-litter\/","title":{"rendered":"Arena de tofu para gatos"},"content":{"rendered":"<p>La arena de tofu para gatos est\u00e1 fabricada con heces de soja, que son materiales vegetales puros. No tienes que preocuparte de que sea perjudicial para tus preciosos amigos felinos, incluso si accidentalmente comen un poco.<\/p>\n<p>Presenta peque\u00f1as part\u00edculas con un di\u00e1metro transversal de 1,5 mm. Tiene una excelente capacidad de absorci\u00f3n de agua, absorbiendo r\u00e1pidamente la orina del gato. No se pega al fondo de la caja sanitaria y los grumos no se rompen f\u00e1cilmente. Adem\u00e1s, gracias a sus componentes vegetales naturales, puede tirarse f\u00e1cilmente por el inodoro. Es respetuosa con el medio ambiente y no contamina.<\/p>\n<p>Adem\u00e1s, produce muy poco polvo, lo que es respetuoso con el sistema respiratorio de su gato y le ayuda a mantenerse sano.<\/p>\n<p><strong>Especificaciones:<\/strong><\/p>\n<p>6L (2-2,7kg), 6-8 bolsas\/CTN;<br \/>\n8L (3,1kg), 6 bolsas\/CTN.<\/p>\n<p><strong>Aromas disponibles: <\/strong><\/p>\n<p>Original, t\u00e9 verde, lavanda, melocot\u00f3n, carb\u00f3n activado, etc.<\/p>","protected":false},"excerpt":{"rendered":"<p>Econ\u00f3mico y ecol\u00f3gico: se aglomera eficazmente y se puede tirar por el inodoro.<\/p>\n<p>Excelente rendimiento de aglomeraci\u00f3n y absorci\u00f3n superior de olores.<\/p>","protected":false},"featured_media":369,"comment_status":"open","ping_status":"closed","template":"","meta":[],"product_brand":[],"product_cat":[22],"product_tag":[],"class_list":{"0":"post-352","1":"product","2":"type-product","3":"status-publish","4":"has-post-thumbnail","6":"product_cat-cat-litter","8":"first","9":"instock","10":"shipping-taxable","11":"product-type-simple"},"_links":{"self":[{"href":"https:\/\/pet-horizon.com\/es\/wp-json\/wp\/v2\/product\/352","targetHints":{"allow":["GET"]}}],"collection":[{"href":"https:\/\/pet-horizon.com\/es\/wp-json\/wp\/v2\/product"}],"about":[{"href":"https:\/\/pet-horizon.com\/es\/wp-json\/wp\/v2\/types\/product"}],"replies":[{"embeddable":true,"href":"https:\/\/pet-horizon.com\/es\/wp-json\/wp\/v2\/comments?post=352"}],"version-history":[{"count":3,"href":"https:\/\/pet-horizon.com\/es\/wp-json\/wp\/v2\/product\/352\/revisions"}],"predecessor-version":[{"id":544,"href":"https:\/\/pet-horizon.com\/es\/wp-json\/wp\/v2\/product\/352\/revisions\/544"}],"wp:featuredmedia":[{"embeddable":true,"href":"https:\/\/pet-horizon.com\/es\/wp-json\/wp\/v2\/media\/369"}],"wp:attachment":[{"href":"https:\/\/pet-horizon.com\/es\/wp-json\/wp\/v2\/media?parent=352"}],"wp:term":[{"taxonomy":"product_brand","embeddable":true,"href":"https:\/\/pet-horizon.com\/es\/wp-json\/wp\/v2\/product_brand?post=352"},{"taxonomy":"product_cat","embeddable":true,"href":"https:\/\/pet-horizon.com\/es\/wp-json\/wp\/v2\/product_cat?post=352"},{"taxonomy":"product_tag","embeddable":true,"href":"https:\/\/pet-horizon.com\/es\/wp-json\/wp\/v2\/product_tag?post=352"}],"curies":[{"name":"wp","href":"https:\/\/api.w.org\/{rel}","templated":true}]}}