{"id":354,"date":"2026-03-16T07:38:38","date_gmt":"2026-03-16T07:38:38","guid":{"rendered":"https:\/\/pet-horizon.com\/?post_type=product&#038;p=354"},"modified":"2026-03-23T03:27:51","modified_gmt":"2026-03-23T03:27:51","slug":"bentonite-cat-litter","status":"publish","type":"product","link":"https:\/\/pet-horizon.com\/es\/product\/bentonite-cat-litter\/","title":{"rendered":"Arena de bentonita para gatos"},"content":{"rendered":"<p>La arena de bentonita para gatos ha sido cuidadosamente desarrollada. Ha sido mejorada en m\u00faltiples ocasiones para abordar problemas comunes de las arenas para gatos como la dureza de aglomeraci\u00f3n, el polvo, el control de olores y el rastreo. Utiliza materias primas de alta calidad procedentes de minas. Tras suficientes reacciones qu\u00edmicas, se mejora la dureza de aglomeraci\u00f3n.<\/p>\n<p>Cuando los gatos pisan los grumos, sus patas no se pegan f\u00e1cilmente a la arena y ensucian el suelo. La proporci\u00f3n cient\u00edfica de part\u00edculas de diferentes tama\u00f1os acelera la absorci\u00f3n del agua y reduce el problema de que las part\u00edculas peque\u00f1as se queden atascadas entre los dedos de los gatos. Los distintos y delicados aromas no son tan fuertes como las fragancias industriales; desprenden un agradable aroma cuando entran en contacto con la humedad.<\/p>\n<p><strong>Especificaciones:<\/strong><\/p>\n<p>10L (8kg), 3 bolsas\/PCK;<br \/>\n5L (4kg), 6 bolsas\/PCK;<br \/>\n25L (20kg), 1 bolsa\/PCK.<\/p>\n<p><strong>Aromas disponibles:<\/strong><\/p>\n<p>Original, manzana, lim\u00f3n, lavanda, rosa, fresa, caf\u00e9, carb\u00f3n activado, talco para beb\u00e9s, etc.<\/p>","protected":false},"excerpt":{"rendered":"<p>Econ\u00f3mico y rentable; se aglomera r\u00e1pidamente en contacto con el l\u00edquido.<\/p>\n<p>Los grumos son firmes y s\u00f3lidos, por lo que la limpieza resulta f\u00e1cil y c\u00f3moda.<\/p>","protected":false},"featured_media":375,"comment_status":"open","ping_status":"closed","template":"","meta":[],"product_brand":[],"product_cat":[22],"product_tag":[],"class_list":{"0":"post-354","1":"product","2":"type-product","3":"status-publish","4":"has-post-thumbnail","6":"product_cat-cat-litter","8":"first","9":"instock","10":"shipping-taxable","11":"product-type-simple"},"_links":{"self":[{"href":"https:\/\/pet-horizon.com\/es\/wp-json\/wp\/v2\/product\/354","targetHints":{"allow":["GET"]}}],"collection":[{"href":"https:\/\/pet-horizon.com\/es\/wp-json\/wp\/v2\/product"}],"about":[{"href":"https:\/\/pet-horizon.com\/es\/wp-json\/wp\/v2\/types\/product"}],"replies":[{"embeddable":true,"href":"https:\/\/pet-horizon.com\/es\/wp-json\/wp\/v2\/comments?post=354"}],"version-history":[{"count":4,"href":"https:\/\/pet-horizon.com\/es\/wp-json\/wp\/v2\/product\/354\/revisions"}],"predecessor-version":[{"id":540,"href":"https:\/\/pet-horizon.com\/es\/wp-json\/wp\/v2\/product\/354\/revisions\/540"}],"wp:featuredmedia":[{"embeddable":true,"href":"https:\/\/pet-horizon.com\/es\/wp-json\/wp\/v2\/media\/375"}],"wp:attachment":[{"href":"https:\/\/pet-horizon.com\/es\/wp-json\/wp\/v2\/media?parent=354"}],"wp:term":[{"taxonomy":"product_brand","embeddable":true,"href":"https:\/\/pet-horizon.com\/es\/wp-json\/wp\/v2\/product_brand?post=354"},{"taxonomy":"product_cat","embeddable":true,"href":"https:\/\/pet-horizon.com\/es\/wp-json\/wp\/v2\/product_cat?post=354"},{"taxonomy":"product_tag","embeddable":true,"href":"https:\/\/pet-horizon.com\/es\/wp-json\/wp\/v2\/product_tag?post=354"}],"curies":[{"name":"wp","href":"https:\/\/api.w.org\/{rel}","templated":true}]}}