{"id":101,"date":"2026-02-10T01:06:10","date_gmt":"2026-02-10T01:06:10","guid":{"rendered":"https:\/\/pet-horizon.com\/?page_id=101"},"modified":"2026-03-19T09:21:23","modified_gmt":"2026-03-19T09:21:23","slug":"blog","status":"publish","type":"page","link":"https:\/\/pet-horizon.com\/fr\/blog\/","title":{"rendered":"BLOG"},"content":{"rendered":"<div data-elementor-type=\"wp-page\" data-elementor-id=\"101\" class=\"elementor elementor-101\" data-elementor-post-type=\"page\">\n\t\t\t\t<div class=\"elementor-element elementor-element-11b4815 e-con-full e-flex e-con e-parent\" data-id=\"11b4815\" data-element_type=\"container\" data-e-type=\"container\" data-settings=\"{&quot;background_background&quot;:&quot;classic&quot;,&quot;shape_divider_bottom&quot;:&quot;waves&quot;}\">\n\t\t\t\t<div class=\"elementor-shape elementor-shape-bottom\" aria-hidden=\"true\" data-negative=\"false\">\n\t\t\t<svg xmlns=\"http:\/\/www.w3.org\/2000\/svg\" viewbox=\"0 0 1000 100\" preserveaspectratio=\"none\">\n\t<path class=\"elementor-shape-fill\" d=\"M421.9,6.5c22.6-2.5,51.5,0.4,75.5,5.3c23.6,4.9,70.9,23.5,100.5,35.7c75.8,32.2,133.7,44.5,192.6,49.7\tc23.6,2.1,48.7,3.5,103.4-2.5c54.7-6,106.2-25.6,106.2-25.6V0H0v30.3c0,0,72,32.6,158.4,30.5c39.2-0.7,92.8-6.7,134-22.4\tc21.2-8.1,52.2-18.2,79.7-24.2C399.3,7.9,411.6,7.5,421.9,6.5z\"\/>\n<\/svg>\t\t<\/div>\n\t\t<div class=\"elementor-element elementor-element-ff1c8ad e-con-full e-flex e-con e-child\" data-id=\"ff1c8ad\" data-element_type=\"container\" data-e-type=\"container\" data-settings=\"{&quot;background_background&quot;:&quot;classic&quot;}\">\n\t\t\t\t<div class=\"elementor-element elementor-element-a84c12a elementor-widget elementor-widget-heading\" data-id=\"a84c12a\" data-element_type=\"widget\" data-e-type=\"widget\" data-widget_type=\"heading.default\">\n\t\t\t\t\t<h1 class=\"elementor-heading-title elementor-size-default\">BLOG<\/h1>\t\t\t\t<\/div>\n\t\t\t\t<div class=\"elementor-element elementor-element-0745935 elementor-widget elementor-widget-spacer\" data-id=\"0745935\" data-element_type=\"widget\" data-e-type=\"widget\" data-widget_type=\"spacer.default\">\n\t\t\t\t\t\t\t<div class=\"elementor-spacer\">\n\t\t\t<div class=\"elementor-spacer-inner\"><\/div>\n\t\t<\/div>\n\t\t\t\t\t\t<\/div>\n\t\t\t\t<div class=\"elementor-element elementor-element-13f1de2 elementor-widget elementor-widget-text-editor\" data-id=\"13f1de2\" data-element_type=\"widget\" data-e-type=\"widget\" data-widget_type=\"text-editor.default\">\n\t\t\t\t\t\t\t\t\t<p>D\u00e9couvrez les meilleures options de liti\u00e8re pour votre compagnon f\u00e9lin. PET HORIZON propose des revues professionnelles sur la liti\u00e8re de tofu\/bentonite, l'analyse du comportement des chats et les solutions de nettoyage de la maison.<\/p>\t\t\t\t\t\t\t\t<\/div>\n\t\t\t\t<\/div>\n\t\t\t\t<\/div>\n\t\t<div class=\"elementor-element elementor-element-747da99 e-con-full e-flex e-con e-parent\" data-id=\"747da99\" data-element_type=\"container\" data-e-type=\"container\">\n\t\t\t\t<div class=\"elementor-element elementor-element-4b3f756 elementor-grid-tablet-1 elementor-grid-3 elementor-grid-mobile-1 elementor-posts--thumbnail-top elementor-widget elementor-widget-posts\" data-id=\"4b3f756\" data-element_type=\"widget\" data-e-type=\"widget\" data-settings=\"{&quot;pagination_type&quot;:&quot;numbers_and_prev_next&quot;,&quot;classic_columns_tablet&quot;:&quot;1&quot;,&quot;classic_columns&quot;:&quot;3&quot;,&quot;classic_columns_mobile&quot;:&quot;1&quot;,&quot;classic_row_gap&quot;:{&quot;unit&quot;:&quot;px&quot;,&quot;size&quot;:35,&quot;sizes&quot;:[]},&quot;classic_row_gap_tablet&quot;:{&quot;unit&quot;:&quot;px&quot;,&quot;size&quot;:&quot;&quot;,&quot;sizes&quot;:[]},&quot;classic_row_gap_mobile&quot;:{&quot;unit&quot;:&quot;px&quot;,&quot;size&quot;:&quot;&quot;,&quot;sizes&quot;:[]}}\" data-widget_type=\"posts.classic\">\n\t\t\t\t<div class=\"elementor-widget-container\">\n\t\t\t\t\t\t\t<div class=\"elementor-posts-container elementor-posts elementor-posts--skin-classic elementor-grid\" role=\"list\">\n\t\t\t\t<article class=\"elementor-post elementor-grid-item post-626 post type-post status-publish format-standard has-post-thumbnail hentry category-blog\" role=\"listitem\">\n\t\t\t\t<a class=\"elementor-post__thumbnail__link\" href=\"https:\/\/pet-horizon.com\/fr\/the-ultimate-guide-to-healthy-cat-snacks-from-cat-sticks-to-fish-cubes\/\" tabindex=\"-1\" >\n\t\t\t<div class=\"elementor-post__thumbnail\"><img fetchpriority=\"high\" decoding=\"async\" width=\"1920\" height=\"1280\" src=\"https:\/\/pet-horizon.com\/wp-content\/uploads\/2026\/04\/Healthy-Cat-Snacks.jpg\" class=\"attachment-full size-full wp-image-627\" alt=\"Healthy Cat Snacks\" srcset=\"https:\/\/pet-horizon.com\/wp-content\/uploads\/2026\/04\/Healthy-Cat-Snacks.jpg 1920w, https:\/\/pet-horizon.com\/wp-content\/uploads\/2026\/04\/Healthy-Cat-Snacks-300x200.jpg 300w, https:\/\/pet-horizon.com\/wp-content\/uploads\/2026\/04\/Healthy-Cat-Snacks-1024x683.jpg 1024w, https:\/\/pet-horizon.com\/wp-content\/uploads\/2026\/04\/Healthy-Cat-Snacks-768x512.jpg 768w, https:\/\/pet-horizon.com\/wp-content\/uploads\/2026\/04\/Healthy-Cat-Snacks-1536x1024.jpg 1536w, https:\/\/pet-horizon.com\/wp-content\/uploads\/2026\/04\/Healthy-Cat-Snacks-18x12.jpg 18w, https:\/\/pet-horizon.com\/wp-content\/uploads\/2026\/04\/Healthy-Cat-Snacks-600x400.jpg 600w\" sizes=\"(max-width: 1920px) 100vw, 1920px\" \/><\/div>\n\t\t<\/a>\n\t\t\t\t<div class=\"elementor-post__text\">\n\t\t\t\t<h3 class=\"elementor-post__title\">\n\t\t\t<a href=\"https:\/\/pet-horizon.com\/fr\/the-ultimate-guide-to-healthy-cat-snacks-from-cat-sticks-to-fish-cubes\/\" >\n\t\t\t\tLe guide ultime des snacks sains pour chats : Des b\u00e2tonnets de chat aux cubes de poisson\t\t\t<\/a>\n\t\t<\/h3>\n\t\t\t\t<div class=\"elementor-post__meta-data\">\n\t\t\t\t\t<span class=\"elementor-post-author\">\n\t\t\tPet Horizon\t\t<\/span>\n\t\t\t\t<span class=\"elementor-post-date\">\n\t\t\t3 avril 2026\t\t<\/span>\n\t\t\t\t<\/div>\n\t\t\t\t<div class=\"elementor-post__excerpt\">\n\t\t\t<p>En tant que propri\u00e9taire de chats depuis trois ans, mon armoire \u00e0 friandises pour chats est toujours remplie de b\u00e2tonnets pour chats et de cubes de poisson. Apr\u00e8s tout, qui peut<\/p>\n\t\t<\/div>\n\t\t\t\t\t<div class=\"elementor-post__read-more-wrapper\">\n\t\t\n\t\t<a class=\"elementor-post__read-more\" href=\"https:\/\/pet-horizon.com\/fr\/the-ultimate-guide-to-healthy-cat-snacks-from-cat-sticks-to-fish-cubes\/\" aria-label=\"Read more about The Ultimate Guide to Healthy Cat Snacks: From Cat Sticks to Fish Cubes\" tabindex=\"-1\" >\n\t\t\tLire la suite \u00bb\t\t<\/a>\n\n\t\t\t\t\t<\/div>\n\t\t\t\t<\/div>\n\t\t\t\t<\/article>\n\t\t\t\t<article class=\"elementor-post elementor-grid-item post-623 post type-post status-publish format-standard has-post-thumbnail hentry category-uncategorized\" role=\"listitem\">\n\t\t\t\t<a class=\"elementor-post__thumbnail__link\" href=\"https:\/\/pet-horizon.com\/fr\/history-and-application-scenarios-of-pine-wood\/\" tabindex=\"-1\" >\n\t\t\t<div class=\"elementor-post__thumbnail\"><img decoding=\"async\" width=\"1920\" height=\"1280\" src=\"https:\/\/pet-horizon.com\/wp-content\/uploads\/2026\/04\/Pine-Cat-Litter-1.jpg\" class=\"attachment-full size-full wp-image-624\" alt=\"Pine Cat Litter\" srcset=\"https:\/\/pet-horizon.com\/wp-content\/uploads\/2026\/04\/Pine-Cat-Litter-1.jpg 1920w, https:\/\/pet-horizon.com\/wp-content\/uploads\/2026\/04\/Pine-Cat-Litter-1-300x200.jpg 300w, https:\/\/pet-horizon.com\/wp-content\/uploads\/2026\/04\/Pine-Cat-Litter-1-1024x683.jpg 1024w, https:\/\/pet-horizon.com\/wp-content\/uploads\/2026\/04\/Pine-Cat-Litter-1-768x512.jpg 768w, https:\/\/pet-horizon.com\/wp-content\/uploads\/2026\/04\/Pine-Cat-Litter-1-1536x1024.jpg 1536w, https:\/\/pet-horizon.com\/wp-content\/uploads\/2026\/04\/Pine-Cat-Litter-1-18x12.jpg 18w, https:\/\/pet-horizon.com\/wp-content\/uploads\/2026\/04\/Pine-Cat-Litter-1-600x400.jpg 600w\" sizes=\"(max-width: 1920px) 100vw, 1920px\" \/><\/div>\n\t\t<\/a>\n\t\t\t\t<div class=\"elementor-post__text\">\n\t\t\t\t<h3 class=\"elementor-post__title\">\n\t\t\t<a href=\"https:\/\/pet-horizon.com\/fr\/history-and-application-scenarios-of-pine-wood\/\" >\n\t\t\t\tHistoire et sc\u00e9narios d'application du bois de pin\t\t\t<\/a>\n\t\t<\/h3>\n\t\t\t\t<div class=\"elementor-post__meta-data\">\n\t\t\t\t\t<span class=\"elementor-post-author\">\n\t\t\tPet Horizon\t\t<\/span>\n\t\t\t\t<span class=\"elementor-post-date\">\n\t\t\t2 avril 2026\t\t<\/span>\n\t\t\t\t<\/div>\n\t\t\t\t<div class=\"elementor-post__excerpt\">\n\t\t\t<p>Le bois de pin est une ressource naturelle largement r\u00e9pandue, dot\u00e9e d'excellentes propri\u00e9t\u00e9s et dont les applications remontent \u00e0 des milliers d'ann\u00e9es. Accompagnant les multiples \u00e9tapes de l'histoire de l'humanit\u00e9, le bois de pin est une ressource naturelle tr\u00e8s r\u00e9pandue.<\/p>\n\t\t<\/div>\n\t\t\t\t\t<div class=\"elementor-post__read-more-wrapper\">\n\t\t\n\t\t<a class=\"elementor-post__read-more\" href=\"https:\/\/pet-horizon.com\/fr\/history-and-application-scenarios-of-pine-wood\/\" aria-label=\"Read more about History and Application Scenarios of Pine Wood\" tabindex=\"-1\" >\n\t\t\tLire la suite \u00bb\t\t<\/a>\n\n\t\t\t\t\t<\/div>\n\t\t\t\t<\/div>\n\t\t\t\t<\/article>\n\t\t\t\t<article class=\"elementor-post elementor-grid-item post-620 post type-post status-publish format-standard has-post-thumbnail hentry category-uncategorized\" role=\"listitem\">\n\t\t\t\t<a class=\"elementor-post__thumbnail__link\" href=\"https:\/\/pet-horizon.com\/fr\/pine-cat-litter-the-best-choice-for-cat-owners\/\" tabindex=\"-1\" >\n\t\t\t<div class=\"elementor-post__thumbnail\"><img decoding=\"async\" width=\"1920\" height=\"1280\" src=\"https:\/\/pet-horizon.com\/wp-content\/uploads\/2026\/04\/Pine-cat-litter.jpg\" class=\"attachment-full size-full wp-image-621\" alt=\"Pine cat litter\" srcset=\"https:\/\/pet-horizon.com\/wp-content\/uploads\/2026\/04\/Pine-cat-litter.jpg 1920w, https:\/\/pet-horizon.com\/wp-content\/uploads\/2026\/04\/Pine-cat-litter-300x200.jpg 300w, https:\/\/pet-horizon.com\/wp-content\/uploads\/2026\/04\/Pine-cat-litter-1024x683.jpg 1024w, https:\/\/pet-horizon.com\/wp-content\/uploads\/2026\/04\/Pine-cat-litter-768x512.jpg 768w, https:\/\/pet-horizon.com\/wp-content\/uploads\/2026\/04\/Pine-cat-litter-1536x1024.jpg 1536w, https:\/\/pet-horizon.com\/wp-content\/uploads\/2026\/04\/Pine-cat-litter-18x12.jpg 18w, https:\/\/pet-horizon.com\/wp-content\/uploads\/2026\/04\/Pine-cat-litter-600x400.jpg 600w\" sizes=\"(max-width: 1920px) 100vw, 1920px\" \/><\/div>\n\t\t<\/a>\n\t\t\t\t<div class=\"elementor-post__text\">\n\t\t\t\t<h3 class=\"elementor-post__title\">\n\t\t\t<a href=\"https:\/\/pet-horizon.com\/fr\/pine-cat-litter-the-best-choice-for-cat-owners\/\" >\n\t\t\t\tLiti\u00e8re pour chat en pin : Le meilleur choix pour les propri\u00e9taires de chats\t\t\t<\/a>\n\t\t<\/h3>\n\t\t\t\t<div class=\"elementor-post__meta-data\">\n\t\t\t\t\t<span class=\"elementor-post-author\">\n\t\t\tPet Horizon\t\t<\/span>\n\t\t\t\t<span class=\"elementor-post-date\">\n\t\t\t1er avril 2026\t\t<\/span>\n\t\t\t\t<\/div>\n\t\t\t\t<div class=\"elementor-post__excerpt\">\n\t\t\t<p>Pourquoi choisir la liti\u00e8re pour chat Pine ? Chers propri\u00e9taires de chats, le choix de la bonne liti\u00e8re a un impact direct sur la sant\u00e9 de votre chat et sur votre confort quotidien. De nombreux propri\u00e9taires ont du mal \u00e0<\/p>\n\t\t<\/div>\n\t\t\t\t\t<div class=\"elementor-post__read-more-wrapper\">\n\t\t\n\t\t<a class=\"elementor-post__read-more\" href=\"https:\/\/pet-horizon.com\/fr\/pine-cat-litter-the-best-choice-for-cat-owners\/\" aria-label=\"Read more about Pine Cat Litter: The Best Choice for Cat Owners\" tabindex=\"-1\" >\n\t\t\tLire la suite \u00bb\t\t<\/a>\n\n\t\t\t\t\t<\/div>\n\t\t\t\t<\/div>\n\t\t\t\t<\/article>\n\t\t\t\t<article class=\"elementor-post elementor-grid-item post-616 post type-post status-publish format-standard has-post-thumbnail hentry category-blog\" role=\"listitem\">\n\t\t\t\t<a class=\"elementor-post__thumbnail__link\" href=\"https:\/\/pet-horizon.com\/fr\/how-to-change-cat-litter-a-step-by-step-guide-for-a-smooth-transition\/\" tabindex=\"-1\" >\n\t\t\t<div class=\"elementor-post__thumbnail\"><img loading=\"lazy\" decoding=\"async\" width=\"1920\" height=\"1280\" src=\"https:\/\/pet-horizon.com\/wp-content\/uploads\/2026\/03\/Change-Cat-Litter.jpg\" class=\"attachment-full size-full wp-image-617\" alt=\"Change Cat Litter\" srcset=\"https:\/\/pet-horizon.com\/wp-content\/uploads\/2026\/03\/Change-Cat-Litter.jpg 1920w, https:\/\/pet-horizon.com\/wp-content\/uploads\/2026\/03\/Change-Cat-Litter-300x200.jpg 300w, https:\/\/pet-horizon.com\/wp-content\/uploads\/2026\/03\/Change-Cat-Litter-1024x683.jpg 1024w, https:\/\/pet-horizon.com\/wp-content\/uploads\/2026\/03\/Change-Cat-Litter-768x512.jpg 768w, https:\/\/pet-horizon.com\/wp-content\/uploads\/2026\/03\/Change-Cat-Litter-1536x1024.jpg 1536w, https:\/\/pet-horizon.com\/wp-content\/uploads\/2026\/03\/Change-Cat-Litter-18x12.jpg 18w, https:\/\/pet-horizon.com\/wp-content\/uploads\/2026\/03\/Change-Cat-Litter-600x400.jpg 600w\" sizes=\"(max-width: 1920px) 100vw, 1920px\" \/><\/div>\n\t\t<\/a>\n\t\t\t\t<div class=\"elementor-post__text\">\n\t\t\t\t<h3 class=\"elementor-post__title\">\n\t\t\t<a href=\"https:\/\/pet-horizon.com\/fr\/how-to-change-cat-litter-a-step-by-step-guide-for-a-smooth-transition\/\" >\n\t\t\t\tComment changer la liti\u00e8re pour chat : Un guide \u00e9tape par \u00e9tape pour une transition en douceur\t\t\t<\/a>\n\t\t<\/h3>\n\t\t\t\t<div class=\"elementor-post__meta-data\">\n\t\t\t\t\t<span class=\"elementor-post-author\">\n\t\t\tPet Horizon\t\t<\/span>\n\t\t\t\t<span class=\"elementor-post-date\">\n\t\t\t31 mars 2026\t\t<\/span>\n\t\t\t\t<\/div>\n\t\t\t\t<div class=\"elementor-post__excerpt\">\n\t\t\t<p>Pour les propri\u00e9taires de chats novices, il est essentiel d'apprendre \u00e0 changer correctement la liti\u00e8re du chat. Les chats s'appuient fortement sur des odeurs, des textures et des habitudes famili\u00e8res. Un changement soudain<\/p>\n\t\t<\/div>\n\t\t\t\t\t<div class=\"elementor-post__read-more-wrapper\">\n\t\t\n\t\t<a class=\"elementor-post__read-more\" href=\"https:\/\/pet-horizon.com\/fr\/how-to-change-cat-litter-a-step-by-step-guide-for-a-smooth-transition\/\" aria-label=\"Read more about How to Change Cat Litter: A Step-by-Step Guide for a Smooth Transition\" tabindex=\"-1\" >\n\t\t\tLire la suite \u00bb\t\t<\/a>\n\n\t\t\t\t\t<\/div>\n\t\t\t\t<\/div>\n\t\t\t\t<\/article>\n\t\t\t\t<article class=\"elementor-post elementor-grid-item post-608 post type-post status-publish format-standard has-post-thumbnail hentry category-blog\" role=\"listitem\">\n\t\t\t\t<a class=\"elementor-post__thumbnail__link\" href=\"https:\/\/pet-horizon.com\/fr\/the-history-and-application-environment-of-tofu-cat-litter\/\" tabindex=\"-1\" >\n\t\t\t<div class=\"elementor-post__thumbnail\"><img loading=\"lazy\" decoding=\"async\" width=\"1920\" height=\"1280\" src=\"https:\/\/pet-horizon.com\/wp-content\/uploads\/2026\/03\/Tofu-cat-litter-4.jpg\" class=\"attachment-full size-full wp-image-609\" alt=\"Tofu cat litter\" srcset=\"https:\/\/pet-horizon.com\/wp-content\/uploads\/2026\/03\/Tofu-cat-litter-4.jpg 1920w, https:\/\/pet-horizon.com\/wp-content\/uploads\/2026\/03\/Tofu-cat-litter-4-300x200.jpg 300w, https:\/\/pet-horizon.com\/wp-content\/uploads\/2026\/03\/Tofu-cat-litter-4-1024x683.jpg 1024w, https:\/\/pet-horizon.com\/wp-content\/uploads\/2026\/03\/Tofu-cat-litter-4-768x512.jpg 768w, https:\/\/pet-horizon.com\/wp-content\/uploads\/2026\/03\/Tofu-cat-litter-4-1536x1024.jpg 1536w, https:\/\/pet-horizon.com\/wp-content\/uploads\/2026\/03\/Tofu-cat-litter-4-18x12.jpg 18w, https:\/\/pet-horizon.com\/wp-content\/uploads\/2026\/03\/Tofu-cat-litter-4-600x400.jpg 600w\" sizes=\"(max-width: 1920px) 100vw, 1920px\" \/><\/div>\n\t\t<\/a>\n\t\t\t\t<div class=\"elementor-post__text\">\n\t\t\t\t<h3 class=\"elementor-post__title\">\n\t\t\t<a href=\"https:\/\/pet-horizon.com\/fr\/the-history-and-application-environment-of-tofu-cat-litter\/\" >\n\t\t\t\tL'histoire et l'environnement d'application de la liti\u00e8re pour chats en tofu\t\t\t<\/a>\n\t\t<\/h3>\n\t\t\t\t<div class=\"elementor-post__meta-data\">\n\t\t\t\t\t<span class=\"elementor-post-author\">\n\t\t\tPet Horizon\t\t<\/span>\n\t\t\t\t<span class=\"elementor-post-date\">\n\t\t\t30 mars 2026\t\t<\/span>\n\t\t\t\t<\/div>\n\t\t\t\t<div class=\"elementor-post__excerpt\">\n\t\t\t<p>Dans le domaine des soins aux animaux de compagnie, l'\u00e9volution de la liti\u00e8re pour chats a toujours tourn\u00e9 autour des habitudes des chats et des besoins des personnes qui s'occupent d'eux.<\/p>\n\t\t<\/div>\n\t\t\t\t\t<div class=\"elementor-post__read-more-wrapper\">\n\t\t\n\t\t<a class=\"elementor-post__read-more\" href=\"https:\/\/pet-horizon.com\/fr\/the-history-and-application-environment-of-tofu-cat-litter\/\" aria-label=\"Read more about The History and Application Environment of Tofu Cat Litter\" tabindex=\"-1\" >\n\t\t\tLire la suite \u00bb\t\t<\/a>\n\n\t\t\t\t\t<\/div>\n\t\t\t\t<\/div>\n\t\t\t\t<\/article>\n\t\t\t\t<article class=\"elementor-post elementor-grid-item post-605 post type-post status-publish format-standard has-post-thumbnail hentry category-blog\" role=\"listitem\">\n\t\t\t\t<a class=\"elementor-post__thumbnail__link\" href=\"https:\/\/pet-horizon.com\/fr\/pine-cat-litter-why-natural-is-the-best-choice-for-your-cat\/\" tabindex=\"-1\" >\n\t\t\t<div class=\"elementor-post__thumbnail\"><img loading=\"lazy\" decoding=\"async\" width=\"1920\" height=\"1280\" src=\"https:\/\/pet-horizon.com\/wp-content\/uploads\/2026\/03\/pine-cat-litter-6.jpg\" class=\"attachment-full size-full wp-image-606\" alt=\"Pine cat litter\" srcset=\"https:\/\/pet-horizon.com\/wp-content\/uploads\/2026\/03\/pine-cat-litter-6.jpg 1920w, https:\/\/pet-horizon.com\/wp-content\/uploads\/2026\/03\/pine-cat-litter-6-300x200.jpg 300w, https:\/\/pet-horizon.com\/wp-content\/uploads\/2026\/03\/pine-cat-litter-6-1024x683.jpg 1024w, https:\/\/pet-horizon.com\/wp-content\/uploads\/2026\/03\/pine-cat-litter-6-768x512.jpg 768w, https:\/\/pet-horizon.com\/wp-content\/uploads\/2026\/03\/pine-cat-litter-6-1536x1024.jpg 1536w, https:\/\/pet-horizon.com\/wp-content\/uploads\/2026\/03\/pine-cat-litter-6-18x12.jpg 18w, https:\/\/pet-horizon.com\/wp-content\/uploads\/2026\/03\/pine-cat-litter-6-600x400.jpg 600w\" sizes=\"(max-width: 1920px) 100vw, 1920px\" \/><\/div>\n\t\t<\/a>\n\t\t\t\t<div class=\"elementor-post__text\">\n\t\t\t\t<h3 class=\"elementor-post__title\">\n\t\t\t<a href=\"https:\/\/pet-horizon.com\/fr\/pine-cat-litter-why-natural-is-the-best-choice-for-your-cat\/\" >\n\t\t\t\tLiti\u00e8re pour chat en pin : Pourquoi la liti\u00e8re naturelle est le meilleur choix pour votre chat\t\t\t<\/a>\n\t\t<\/h3>\n\t\t\t\t<div class=\"elementor-post__meta-data\">\n\t\t\t\t\t<span class=\"elementor-post-author\">\n\t\t\tPet Horizon\t\t<\/span>\n\t\t\t\t<span class=\"elementor-post-date\">\n\t\t\t27 mars 2026\t\t<\/span>\n\t\t\t\t<\/div>\n\t\t\t\t<div class=\"elementor-post__excerpt\">\n\t\t\t<p>Je suis dans le cercle des animaux de compagnie depuis si longtemps, j'ai essay\u00e9 tous les types de liti\u00e8re sous le soleil, et j'ai fait face \u00e0 tant de d\u00e9ceptions. Apr\u00e8s<\/p>\n\t\t<\/div>\n\t\t\t\t\t<div class=\"elementor-post__read-more-wrapper\">\n\t\t\n\t\t<a class=\"elementor-post__read-more\" href=\"https:\/\/pet-horizon.com\/fr\/pine-cat-litter-why-natural-is-the-best-choice-for-your-cat\/\" aria-label=\"Read more about Pine Cat Litter: Why Natural is the Best Choice for Your Cat\" tabindex=\"-1\" >\n\t\t\tLire la suite \u00bb\t\t<\/a>\n\n\t\t\t\t\t<\/div>\n\t\t\t\t<\/div>\n\t\t\t\t<\/article>\n\t\t\t\t<\/div>\n\t\t\n\t\t\t\t<div class=\"e-load-more-anchor\" data-page=\"1\" data-max-page=\"2\" data-next-page=\"https:\/\/pet-horizon.com\/fr\/wp-json\/wp\/v2\/pages\/101\/page\/2\/\"><\/div>\n\t\t\t\t<nav class=\"elementor-pagination\" aria-label=\"Pagination\">\n\t\t\t<span class=\"page-numbers prev\">\u00ab Pr\u00e9c\u00e9dent<\/span>\n<span aria-current=\"page\" class=\"page-numbers current\"><span class=\"elementor-screen-only\">Page<\/span>1<\/span>\n<a class=\"page-numbers\" href=\"https:\/\/pet-horizon.com\/fr\/wp-json\/wp\/v2\/pages\/101\/page\/2\/\"><span class=\"elementor-screen-only\">Page<\/span>2<\/a>\n<a class=\"page-numbers next\" href=\"https:\/\/pet-horizon.com\/fr\/wp-json\/wp\/v2\/pages\/101\/page\/2\/\">Suivant \u00bb<\/a>\t\t<\/nav>\n\t\t\t\t\t\t<\/div>\n\t\t\t\t<\/div>\n\t\t\t\t<\/div>\n\t\t\t\t<\/div>","protected":false},"excerpt":{"rendered":"<p>BLOG Explore the best cat litter options for your feline companion. PET HORIZON offers professional reviews of tofu\/bentonite litter, cat behavior analysis, and home cleaning solutions.<\/p>","protected":false},"author":1,"featured_media":0,"parent":0,"menu_order":0,"comment_status":"closed","ping_status":"closed","template":"","meta":{"footnotes":""},"class_list":["post-101","page","type-page","status-publish","hentry"],"_links":{"self":[{"href":"https:\/\/pet-horizon.com\/fr\/wp-json\/wp\/v2\/pages\/101","targetHints":{"allow":["GET"]}}],"collection":[{"href":"https:\/\/pet-horizon.com\/fr\/wp-json\/wp\/v2\/pages"}],"about":[{"href":"https:\/\/pet-horizon.com\/fr\/wp-json\/wp\/v2\/types\/page"}],"author":[{"embeddable":true,"href":"https:\/\/pet-horizon.com\/fr\/wp-json\/wp\/v2\/users\/1"}],"replies":[{"embeddable":true,"href":"https:\/\/pet-horizon.com\/fr\/wp-json\/wp\/v2\/comments?post=101"}],"version-history":[{"count":37,"href":"https:\/\/pet-horizon.com\/fr\/wp-json\/wp\/v2\/pages\/101\/revisions"}],"predecessor-version":[{"id":522,"href":"https:\/\/pet-horizon.com\/fr\/wp-json\/wp\/v2\/pages\/101\/revisions\/522"}],"wp:attachment":[{"href":"https:\/\/pet-horizon.com\/fr\/wp-json\/wp\/v2\/media?parent=101"}],"curies":[{"name":"wp","href":"https:\/\/api.w.org\/{rel}","templated":true}]}}