{"id":109,"date":"2026-02-11T08:38:20","date_gmt":"2026-02-11T08:38:20","guid":{"rendered":"https:\/\/pet-horizon.com\/?page_id=109"},"modified":"2026-03-20T09:43:10","modified_gmt":"2026-03-20T09:43:10","slug":"about","status":"publish","type":"page","link":"https:\/\/pet-horizon.com\/fr\/about\/","title":{"rendered":"\u00c0 PROPOS"},"content":{"rendered":"<div data-elementor-type=\"wp-page\" data-elementor-id=\"109\" class=\"elementor elementor-109\" data-elementor-post-type=\"page\">\n\t\t\t\t<div class=\"elementor-element elementor-element-0485d85 e-con-full e-flex e-con e-parent\" data-id=\"0485d85\" data-element_type=\"container\" data-e-type=\"container\" data-settings=\"{&quot;background_background&quot;:&quot;classic&quot;,&quot;shape_divider_bottom&quot;:&quot;waves&quot;}\">\n\t\t\t\t<div class=\"elementor-shape elementor-shape-bottom\" aria-hidden=\"true\" data-negative=\"false\">\n\t\t\t<svg xmlns=\"http:\/\/www.w3.org\/2000\/svg\" viewbox=\"0 0 1000 100\" preserveaspectratio=\"none\">\n\t<path class=\"elementor-shape-fill\" d=\"M421.9,6.5c22.6-2.5,51.5,0.4,75.5,5.3c23.6,4.9,70.9,23.5,100.5,35.7c75.8,32.2,133.7,44.5,192.6,49.7\tc23.6,2.1,48.7,3.5,103.4-2.5c54.7-6,106.2-25.6,106.2-25.6V0H0v30.3c0,0,72,32.6,158.4,30.5c39.2-0.7,92.8-6.7,134-22.4\tc21.2-8.1,52.2-18.2,79.7-24.2C399.3,7.9,411.6,7.5,421.9,6.5z\"\/>\n<\/svg>\t\t<\/div>\n\t\t<div class=\"elementor-element elementor-element-632fb25 e-con-full e-flex e-con e-child\" data-id=\"632fb25\" data-element_type=\"container\" data-e-type=\"container\" data-settings=\"{&quot;background_background&quot;:&quot;classic&quot;}\">\n\t\t\t\t<div class=\"elementor-element elementor-element-4e9559d elementor-widget elementor-widget-heading\" data-id=\"4e9559d\" data-element_type=\"widget\" data-e-type=\"widget\" data-widget_type=\"heading.default\">\n\t\t\t\t\t<h1 class=\"elementor-heading-title elementor-size-default\">\u00c0 PROPOS<\/h1>\t\t\t\t<\/div>\n\t\t\t\t<\/div>\n\t\t\t\t<\/div>\n\t\t<div class=\"elementor-element elementor-element-0ba16ba e-flex e-con-boxed e-con e-parent\" data-id=\"0ba16ba\" data-element_type=\"container\" data-e-type=\"container\">\n\t\t\t\t\t<div class=\"e-con-inner\">\n\t\t<div class=\"elementor-element elementor-element-1be9d1c e-con-full e-flex e-con e-child\" data-id=\"1be9d1c\" data-element_type=\"container\" data-e-type=\"container\">\n\t\t\t\t<div class=\"elementor-element elementor-element-6c66dc0 elementor-position-top elementor-widget elementor-widget-image-box\" data-id=\"6c66dc0\" data-element_type=\"widget\" data-e-type=\"widget\" data-widget_type=\"image-box.default\">\n\t\t\t\t\t<div class=\"elementor-image-box-wrapper\"><figure class=\"elementor-image-box-img\"><img decoding=\"async\" width=\"168\" height=\"164\" src=\"https:\/\/pet-horizon.com\/wp-content\/uploads\/2026\/02\/about-icon2.1102.png\" class=\"attachment-full size-full wp-image-130\" alt=\"\" srcset=\"https:\/\/pet-horizon.com\/wp-content\/uploads\/2026\/02\/about-icon2.1102.png 168w, https:\/\/pet-horizon.com\/wp-content\/uploads\/2026\/02\/about-icon2.1102-12x12.png 12w\" sizes=\"(max-width: 168px) 100vw, 168px\" \/><\/figure><div class=\"elementor-image-box-content\"><h3 class=\"elementor-image-box-title\">Au-del\u00e0 de la pratique. Purement tendance.<\/h3><\/div><\/div>\t\t\t\t<\/div>\n\t\t\t\t<\/div>\n\t\t<div class=\"elementor-element elementor-element-e687d5d e-con-full e-flex e-con e-child\" data-id=\"e687d5d\" data-element_type=\"container\" data-e-type=\"container\">\n\t\t\t\t<div class=\"elementor-element elementor-element-0366c36 elementor-position-top elementor-widget elementor-widget-image-box\" data-id=\"0366c36\" data-element_type=\"widget\" data-e-type=\"widget\" data-widget_type=\"image-box.default\">\n\t\t\t\t\t<div class=\"elementor-image-box-wrapper\"><figure class=\"elementor-image-box-img\"><img decoding=\"async\" width=\"166\" height=\"164\" src=\"https:\/\/pet-horizon.com\/wp-content\/uploads\/2026\/02\/about-icon2.1103.png\" class=\"attachment-full size-full wp-image-131\" alt=\"\" srcset=\"https:\/\/pet-horizon.com\/wp-content\/uploads\/2026\/02\/about-icon2.1103.png 166w, https:\/\/pet-horizon.com\/wp-content\/uploads\/2026\/02\/about-icon2.1103-12x12.png 12w, https:\/\/pet-horizon.com\/wp-content\/uploads\/2026\/02\/about-icon2.1103-100x100.png 100w\" sizes=\"(max-width: 166px) 100vw, 166px\" \/><\/figure><div class=\"elementor-image-box-content\"><h3 class=\"elementor-image-box-title\">L'amour \u00e0 double sens. Un design qui fait chaud au c\u0153ur.<\/h3><\/div><\/div>\t\t\t\t<\/div>\n\t\t\t\t<\/div>\n\t\t<div class=\"elementor-element elementor-element-eeac21c e-con-full e-flex e-con e-child\" data-id=\"eeac21c\" data-element_type=\"container\" data-e-type=\"container\">\n\t\t\t\t<div class=\"elementor-element elementor-element-6836583 elementor-position-top elementor-widget elementor-widget-image-box\" data-id=\"6836583\" data-element_type=\"widget\" data-e-type=\"widget\" data-widget_type=\"image-box.default\">\n\t\t\t\t\t<div class=\"elementor-image-box-wrapper\"><figure class=\"elementor-image-box-img\"><img decoding=\"async\" width=\"167\" height=\"164\" src=\"https:\/\/pet-horizon.com\/wp-content\/uploads\/2026\/02\/about-icon2.1101_.png\" class=\"attachment-full size-full wp-image-129\" alt=\"\" srcset=\"https:\/\/pet-horizon.com\/wp-content\/uploads\/2026\/02\/about-icon2.1101_.png 167w, https:\/\/pet-horizon.com\/wp-content\/uploads\/2026\/02\/about-icon2.1101_-12x12.png 12w\" sizes=\"(max-width: 167px) 100vw, 167px\" \/><\/figure><div class=\"elementor-image-box-content\"><h3 class=\"elementor-image-box-title\">Green Pet Life. Bienveillant \u00e0 l'\u00e9gard de tous.<\/h3><\/div><\/div>\t\t\t\t<\/div>\n\t\t\t\t<\/div>\n\t\t<div class=\"elementor-element elementor-element-e56b303 e-con-full e-flex e-con e-child\" data-id=\"e56b303\" data-element_type=\"container\" data-e-type=\"container\">\n\t\t\t\t<div class=\"elementor-element elementor-element-3254501 elementor-position-top elementor-widget elementor-widget-image-box\" data-id=\"3254501\" data-element_type=\"widget\" data-e-type=\"widget\" data-widget_type=\"image-box.default\">\n\t\t\t\t\t<div class=\"elementor-image-box-wrapper\"><figure class=\"elementor-image-box-img\"><img loading=\"lazy\" decoding=\"async\" width=\"167\" height=\"173\" src=\"https:\/\/pet-horizon.com\/wp-content\/uploads\/2026\/02\/about-icon2.1104.png\" class=\"attachment-full size-full wp-image-132\" alt=\"\" srcset=\"https:\/\/pet-horizon.com\/wp-content\/uploads\/2026\/02\/about-icon2.1104.png 167w, https:\/\/pet-horizon.com\/wp-content\/uploads\/2026\/02\/about-icon2.1104-12x12.png 12w\" sizes=\"(max-width: 167px) 100vw, 167px\" \/><\/figure><div class=\"elementor-image-box-content\"><h3 class=\"elementor-image-box-title\">Formules exclusives. Pour chaque animal.<\/h3><\/div><\/div>\t\t\t\t<\/div>\n\t\t\t\t<\/div>\n\t\t\t\t\t<\/div>\n\t\t\t\t<\/div>\n\t\t<div class=\"elementor-element elementor-element-b11c4f7 e-flex e-con-boxed e-con e-parent\" data-id=\"b11c4f7\" data-element_type=\"container\" data-e-type=\"container\">\n\t\t\t\t\t<div class=\"e-con-inner\">\n\t\t<div class=\"elementor-element elementor-element-75e8c28 e-con-full e-flex e-con e-child\" data-id=\"75e8c28\" data-element_type=\"container\" data-e-type=\"container\" data-settings=\"{&quot;background_background&quot;:&quot;classic&quot;}\">\n\t\t\t\t<div class=\"elementor-element elementor-element-aee7194 elementor-widget elementor-widget-image\" data-id=\"aee7194\" data-element_type=\"widget\" data-e-type=\"widget\" data-widget_type=\"image.default\">\n\t\t\t\t\t\t\t\t\t\t\t\t\t\t\t<img loading=\"lazy\" decoding=\"async\" width=\"600\" height=\"600\" src=\"https:\/\/pet-horizon.com\/wp-content\/uploads\/2026\/02\/comany2.1101.png\" class=\"attachment-large size-large wp-image-135\" alt=\"\" srcset=\"https:\/\/pet-horizon.com\/wp-content\/uploads\/2026\/02\/comany2.1101.png 600w, https:\/\/pet-horizon.com\/wp-content\/uploads\/2026\/02\/comany2.1101-300x300.png 300w, https:\/\/pet-horizon.com\/wp-content\/uploads\/2026\/02\/comany2.1101-150x150.png 150w, https:\/\/pet-horizon.com\/wp-content\/uploads\/2026\/02\/comany2.1101-12x12.png 12w, https:\/\/pet-horizon.com\/wp-content\/uploads\/2026\/02\/comany2.1101-100x100.png 100w\" sizes=\"(max-width: 600px) 100vw, 600px\" \/>\t\t\t\t\t\t\t\t\t\t\t\t\t\t\t<\/div>\n\t\t\t\t<\/div>\n\t\t<div class=\"elementor-element elementor-element-1b07b4e e-con-full e-flex e-con e-child\" data-id=\"1b07b4e\" data-element_type=\"container\" data-e-type=\"container\" data-settings=\"{&quot;background_background&quot;:&quot;classic&quot;}\">\n\t\t\t\t<div class=\"elementor-element elementor-element-6303379 elementor-widget elementor-widget-heading\" data-id=\"6303379\" data-element_type=\"widget\" data-e-type=\"widget\" data-widget_type=\"heading.default\">\n\t\t\t\t\t<h2 class=\"elementor-heading-title elementor-size-default\">\u00e0 propos de PET HORIZON<\/h2>\t\t\t\t<\/div>\n\t\t\t\t<div class=\"elementor-element elementor-element-c2d67bb elementor-widget elementor-widget-text-editor\" data-id=\"c2d67bb\" data-element_type=\"widget\" data-e-type=\"widget\" data-widget_type=\"text-editor.default\">\n\t\t\t\t\t\t\t\t\t<p>PETS PLANET PRODUCTS CO. poss\u00e8de de nombreuses marques, dont PET HORIZON est la plus populaire. PET HORIZON a \u00e9t\u00e9 enregistr\u00e9 en 2021 et est actuellement enregistr\u00e9 dans de nombreux pays d'Asie du Sud-Est. Il s'agit d'une \u201cnouvelle vision de la vie des animaux de compagnie\u201d et d'une rupture avec l'imagination st\u00e9r\u00e9otyp\u00e9e traditionnelle de l'\u00e9levage d'animaux de compagnie. Nous pensons que chaque animal de compagnie devrait avoir une compagnie pleine de plaisir et de qualit\u00e9, de sorte qu'\u00e9lever des animaux de compagnie n'est pas seulement un soin quotidien, mais aussi un voyage d'exploration plein de surprises. La vie quotidienne des animaux de compagnie et de leurs propri\u00e9taires est une petite b\u00e9n\u00e9diction qui m\u00e9rite d'\u00eatre amplifi\u00e9e. Red\u00e9finir l'exp\u00e9rience du produit avec \u201cvaleur faciale + force\u201d. PET HORIZON comprend ce compagnonnage \u00e0 double sens, c'est pourquoi nous gravons \u201chappy pet care\u201d dans le g\u00e8ne de la marque.<\/p>\t\t\t\t\t\t\t\t<\/div>\n\t\t\t\t<div class=\"elementor-element elementor-element-30d5b24 elementor-icon-list--layout-traditional elementor-list-item-link-full_width elementor-widget elementor-widget-icon-list\" data-id=\"30d5b24\" data-element_type=\"widget\" data-e-type=\"widget\" data-widget_type=\"icon-list.default\">\n\t\t\t\t\t\t\t<ul class=\"elementor-icon-list-items\">\n\t\t\t\t\t\t\t<li class=\"elementor-icon-list-item\">\n\t\t\t\t\t\t\t\t\t\t\t<span class=\"elementor-icon-list-icon\">\n\t\t\t\t\t\t\t<svg aria-hidden=\"true\" class=\"e-font-icon-svg e-fas-cat\" viewbox=\"0 0 512 512\" xmlns=\"http:\/\/www.w3.org\/2000\/svg\"><path d=\"M290.59 192c-20.18 0-106.82 1.98-162.59 85.95V192c0-52.94-43.06-96-96-96-17.67 0-32 14.33-32 32s14.33 32 32 32c17.64 0 32 14.36 32 32v256c0 35.3 28.7 64 64 64h176c8.84 0 16-7.16 16-16v-16c0-17.67-14.33-32-32-32h-32l128-96v144c0 8.84 7.16 16 16 16h32c8.84 0 16-7.16 16-16V289.86c-10.29 2.67-20.89 4.54-32 4.54-61.81 0-113.52-44.05-125.41-102.4zM448 96h-64l-64-64v134.4c0 53.02 42.98 96 96 96s96-42.98 96-96V32l-64 64zm-72 80c-8.84 0-16-7.16-16-16s7.16-16 16-16 16 7.16 16 16-7.16 16-16 16zm80 0c-8.84 0-16-7.16-16-16s7.16-16 16-16 16 7.16 16 16-7.16 16-16 16z\"><\/path><\/svg>\t\t\t\t\t\t<\/span>\n\t\t\t\t\t\t\t\t\t\t<span class=\"elementor-icon-list-text\">Le client d'abord, l'exp\u00e9rience ensuite<\/span>\n\t\t\t\t\t\t\t\t\t<\/li>\n\t\t\t\t\t\t\t\t<li class=\"elementor-icon-list-item\">\n\t\t\t\t\t\t\t\t\t\t\t<span class=\"elementor-icon-list-icon\">\n\t\t\t\t\t\t\t<svg aria-hidden=\"true\" class=\"e-font-icon-svg e-fas-thumbs-up\" viewbox=\"0 0 512 512\" xmlns=\"http:\/\/www.w3.org\/2000\/svg\"><path d=\"M104 224H24c-13.255 0-24 10.745-24 24v240c0 13.255 10.745 24 24 24h80c13.255 0 24-10.745 24-24V248c0-13.255-10.745-24-24-24zM64 472c-13.255 0-24-10.745-24-24s10.745-24 24-24 24 10.745 24 24-10.745 24-24 24zM384 81.452c0 42.416-25.97 66.208-33.277 94.548h101.723c33.397 0 59.397 27.746 59.553 58.098.084 17.938-7.546 37.249-19.439 49.197l-.11.11c9.836 23.337 8.237 56.037-9.308 79.469 8.681 25.895-.069 57.704-16.382 74.757 4.298 17.598 2.244 32.575-6.148 44.632C440.202 511.587 389.616 512 346.839 512l-2.845-.001c-48.287-.017-87.806-17.598-119.56-31.725-15.957-7.099-36.821-15.887-52.651-16.178-6.54-.12-11.783-5.457-11.783-11.998v-213.77c0-3.2 1.282-6.271 3.558-8.521 39.614-39.144 56.648-80.587 89.117-113.111 14.804-14.832 20.188-37.236 25.393-58.902C282.515 39.293 291.817 0 312 0c24 0 72 8 72 81.452z\"><\/path><\/svg>\t\t\t\t\t\t<\/span>\n\t\t\t\t\t\t\t\t\t\t<span class=\"elementor-icon-list-text\"> Honn\u00eatet\u00e9 et professionnalisme<\/span>\n\t\t\t\t\t\t\t\t\t<\/li>\n\t\t\t\t\t\t\t\t<li class=\"elementor-icon-list-item\">\n\t\t\t\t\t\t\t\t\t\t\t<span class=\"elementor-icon-list-icon\">\n\t\t\t\t\t\t\t<svg aria-hidden=\"true\" class=\"e-font-icon-svg e-fas-head-side-virus\" viewbox=\"0 0 512 512\" xmlns=\"http:\/\/www.w3.org\/2000\/svg\"><path d=\"M272,240a16,16,0,1,0,16,16A16,16,0,0,0,272,240Zm-64-64a16,16,0,1,0,16,16A16,16,0,0,0,208,176Zm301.2,99c-20.93-47.12-48.43-151.73-73.07-186.75A207.9,207.9,0,0,0,266.09,0H192C86,0,0,86,0,192A191.23,191.23,0,0,0,64,334.81V512H320V448h64a64,64,0,0,0,64-64V320H480A32,32,0,0,0,509.2,275ZM368,240H355.88c-28.51,0-42.79,34.47-22.63,54.63l8.58,8.57a16,16,0,1,1-22.63,22.63l-8.57-8.58C290.47,297.09,256,311.37,256,339.88V352a16,16,0,0,1-32,0V339.88c0-28.51-34.47-42.79-54.63-22.63l-8.57,8.58a16,16,0,0,1-22.63-22.63l8.58-8.57c20.16-20.16,5.88-54.63-22.63-54.63H112a16,16,0,0,1,0-32h12.12c28.51,0,42.79-34.47,22.63-54.63l-8.58-8.57a16,16,0,0,1,22.63-22.63l8.57,8.58c20.16,20.16,54.63,5.88,54.63-22.63V96a16,16,0,0,1,32,0v12.12c0,28.51,34.47,42.79,54.63,22.63l8.57-8.58a16,16,0,0,1,22.63,22.63l-8.58,8.57C313.09,173.53,327.37,208,355.88,208H368a16,16,0,0,1,0,32Z\"><\/path><\/svg>\t\t\t\t\t\t<\/span>\n\t\t\t\t\t\t\t\t\t\t<span class=\"elementor-icon-list-text\">L'innovation au service de l'excellence<\/span>\n\t\t\t\t\t\t\t\t\t<\/li>\n\t\t\t\t\t\t\t\t<li class=\"elementor-icon-list-item\">\n\t\t\t\t\t\t\t\t\t\t\t<span class=\"elementor-icon-list-icon\">\n\t\t\t\t\t\t\t<svg aria-hidden=\"true\" class=\"e-font-icon-svg e-fas-handshake\" viewbox=\"0 0 640 512\" xmlns=\"http:\/\/www.w3.org\/2000\/svg\"><path d=\"M434.7 64h-85.9c-8 0-15.7 3-21.6 8.4l-98.3 90c-.1.1-.2.3-.3.4-16.6 15.6-16.3 40.5-2.1 56 12.7 13.9 39.4 17.6 56.1 2.7.1-.1.3-.1.4-.2l79.9-73.2c6.5-5.9 16.7-5.5 22.6 1 6 6.5 5.5 16.6-1 22.6l-26.1 23.9L504 313.8c2.9 2.4 5.5 5 7.9 7.7V128l-54.6-54.6c-5.9-6-14.1-9.4-22.6-9.4zM544 128.2v223.9c0 17.7 14.3 32 32 32h64V128.2h-96zm48 223.9c-8.8 0-16-7.2-16-16s7.2-16 16-16 16 7.2 16 16-7.2 16-16 16zM0 384h64c17.7 0 32-14.3 32-32V128.2H0V384zm48-63.9c8.8 0 16 7.2 16 16s-7.2 16-16 16-16-7.2-16-16c0-8.9 7.2-16 16-16zm435.9 18.6L334.6 217.5l-30 27.5c-29.7 27.1-75.2 24.5-101.7-4.4-26.9-29.4-24.8-74.9 4.4-101.7L289.1 64h-83.8c-8.5 0-16.6 3.4-22.6 9.4L128 128v223.9h18.3l90.5 81.9c27.4 22.3 67.7 18.1 90-9.3l.2-.2 17.9 15.5c15.9 13 39.4 10.5 52.3-5.4l31.4-38.6 5.4 4.4c13.7 11.1 33.9 9.1 45-4.7l9.5-11.7c11.2-13.8 9.1-33.9-4.6-45.1z\"><\/path><\/svg>\t\t\t\t\t\t<\/span>\n\t\t\t\t\t\t\t\t\t\t<span class=\"elementor-icon-list-text\">Orientation vers les personnes, coexistence et gagnant-gagnant<\/span>\n\t\t\t\t\t\t\t\t\t<\/li>\n\t\t\t\t\t\t\t\t<li class=\"elementor-icon-list-item\">\n\t\t\t\t\t\t\t\t\t\t\t<span class=\"elementor-icon-list-icon\">\n\t\t\t\t\t\t\t<svg aria-hidden=\"true\" class=\"e-font-icon-svg e-fas-hands\" viewbox=\"0 0 640 512\" xmlns=\"http:\/\/www.w3.org\/2000\/svg\"><path d=\"M204.8 230.4c-10.6-14.1-30.7-17-44.8-6.4-14.1 10.6-17 30.7-6.4 44.8l38.1 50.8c4.8 6.4 4.1 15.3-1.5 20.9l-12.8 12.8c-6.7 6.7-17.6 6.2-23.6-1.1L64 244.4V96c0-17.7-14.3-32-32-32S0 78.3 0 96v218.4c0 10.9 3.7 21.5 10.5 30l104.1 134.3c5 6.5 8.4 13.9 10.4 21.7 1.8 6.9 8.1 11.6 15.3 11.6H272c8.8 0 16-7.2 16-16V384c0-27.7-9-54.6-25.6-76.8l-57.6-76.8zM608 64c-17.7 0-32 14.3-32 32v148.4l-89.8 107.8c-6 7.2-17 7.7-23.6 1.1l-12.8-12.8c-5.6-5.6-6.3-14.5-1.5-20.9l38.1-50.8c10.6-14.1 7.7-34.2-6.4-44.8-14.1-10.6-34.2-7.7-44.8 6.4l-57.6 76.8C361 329.4 352 356.3 352 384v112c0 8.8 7.2 16 16 16h131.7c7.1 0 13.5-4.7 15.3-11.6 2-7.8 5.4-15.2 10.4-21.7l104.1-134.3c6.8-8.5 10.5-19.1 10.5-30V96c0-17.7-14.3-32-32-32z\"><\/path><\/svg>\t\t\t\t\t\t<\/span>\n\t\t\t\t\t\t\t\t\t\t<span class=\"elementor-icon-list-text\">Prendre des responsabilit\u00e9s et contribuer \u00e0 la soci\u00e9t\u00e9<\/span>\n\t\t\t\t\t\t\t\t\t<\/li>\n\t\t\t\t\t\t<\/ul>\n\t\t\t\t\t\t<\/div>\n\t\t\t\t<\/div>\n\t\t\t\t\t<\/div>\n\t\t\t\t<\/div>\n\t\t<div class=\"elementor-element elementor-element-1e964e5 e-flex e-con-boxed e-con e-parent\" data-id=\"1e964e5\" data-element_type=\"container\" data-e-type=\"container\">\n\t\t\t\t\t<div class=\"e-con-inner\">\n\t\t<div class=\"elementor-element elementor-element-8a2fa1f e-con-full e-flex e-con e-child\" data-id=\"8a2fa1f\" data-element_type=\"container\" data-e-type=\"container\" data-settings=\"{&quot;background_background&quot;:&quot;classic&quot;}\">\n\t\t\t\t<div class=\"elementor-element elementor-element-af90cdd elementor-widget elementor-widget-text-editor\" data-id=\"af90cdd\" data-element_type=\"widget\" data-e-type=\"widget\" data-widget_type=\"text-editor.default\">\n\t\t\t\t\t\t\t\t\t<p>L'usine de PETS PLANET PRODUCTS CO. est situ\u00e9e dans le port de Dalian. Elle couvre une superficie de 60 000 m\u00e8tres carr\u00e9s.<br \/>De l'entr\u00e9e des mati\u00e8res premi\u00e8res au d\u00e9part des produits finis, l'ensemble du processus peut \u00eatre suivi et contr\u00f4l\u00e9 visuellement afin de garantir que chaque produit r\u00e9pond aux normes de s\u00e9curit\u00e9 applicables aux produits comestibles pour l'homme. Toutes les mati\u00e8res premi\u00e8res sont naturelles et respectueuses de l'environnement afin de garantir la s\u00e9curit\u00e9 des produits.<br \/>Nous avons obtenu la certification BSCI.<\/p>\t\t\t\t\t\t\t\t<\/div>\n\t\t\t\t<div class=\"elementor-element elementor-element-fb8c729 gallery-spacing-custom elementor-widget elementor-widget-image-gallery\" data-id=\"fb8c729\" data-element_type=\"widget\" data-e-type=\"widget\" data-widget_type=\"image-gallery.default\">\n\t\t\t\t\t\t\t<div class=\"elementor-image-gallery\">\n\t\t\t<div id='gallery-1' class='gallery galleryid-109 gallery-columns-3 gallery-size-full'><figure class='gallery-item'>\n\t\t\t<div class='gallery-icon landscape'>\n\t\t\t\t<a data-elementor-open-lightbox=\"yes\" data-elementor-lightbox-slideshow=\"fb8c729\" data-elementor-lightbox-title=\"equipment05\" data-e-action-hash=\"#elementor-action%3Aaction%3Dlightbox%26settings%3DeyJpZCI6MTUwLCJ1cmwiOiJodHRwczpcL1wvcGV0LWhvcml6b24uY29tXC93cC1jb250ZW50XC91cGxvYWRzXC8yMDI2XC8wMlwvZXF1aXBtZW50MDUucG5nIiwic2xpZGVzaG93IjoiZmI4YzcyOSJ9\" href='https:\/\/pet-horizon.com\/wp-content\/uploads\/2026\/02\/equipment05.png'><img loading=\"lazy\" decoding=\"async\" width=\"600\" height=\"400\" src=\"https:\/\/pet-horizon.com\/wp-content\/uploads\/2026\/02\/equipment05.png\" class=\"attachment-full size-full\" alt=\"\" srcset=\"https:\/\/pet-horizon.com\/wp-content\/uploads\/2026\/02\/equipment05.png 600w, https:\/\/pet-horizon.com\/wp-content\/uploads\/2026\/02\/equipment05-300x200.png 300w, https:\/\/pet-horizon.com\/wp-content\/uploads\/2026\/02\/equipment05-18x12.png 18w\" sizes=\"(max-width: 600px) 100vw, 600px\" \/><\/a>\n\t\t\t<\/div><\/figure><figure class='gallery-item'>\n\t\t\t<div class='gallery-icon landscape'>\n\t\t\t\t<a data-elementor-open-lightbox=\"yes\" data-elementor-lightbox-slideshow=\"fb8c729\" data-elementor-lightbox-title=\"equipment04\" data-e-action-hash=\"#elementor-action%3Aaction%3Dlightbox%26settings%3DeyJpZCI6MTQ5LCJ1cmwiOiJodHRwczpcL1wvcGV0LWhvcml6b24uY29tXC93cC1jb250ZW50XC91cGxvYWRzXC8yMDI2XC8wMlwvZXF1aXBtZW50MDQucG5nIiwic2xpZGVzaG93IjoiZmI4YzcyOSJ9\" href='https:\/\/pet-horizon.com\/wp-content\/uploads\/2026\/02\/equipment04.png'><img loading=\"lazy\" decoding=\"async\" width=\"600\" height=\"400\" src=\"https:\/\/pet-horizon.com\/wp-content\/uploads\/2026\/02\/equipment04.png\" class=\"attachment-full size-full\" alt=\"\" srcset=\"https:\/\/pet-horizon.com\/wp-content\/uploads\/2026\/02\/equipment04.png 600w, https:\/\/pet-horizon.com\/wp-content\/uploads\/2026\/02\/equipment04-300x200.png 300w, https:\/\/pet-horizon.com\/wp-content\/uploads\/2026\/02\/equipment04-18x12.png 18w\" sizes=\"(max-width: 600px) 100vw, 600px\" \/><\/a>\n\t\t\t<\/div><\/figure><figure class='gallery-item'>\n\t\t\t<div class='gallery-icon landscape'>\n\t\t\t\t<a data-elementor-open-lightbox=\"yes\" data-elementor-lightbox-slideshow=\"fb8c729\" data-elementor-lightbox-title=\"equipment03\" data-e-action-hash=\"#elementor-action%3Aaction%3Dlightbox%26settings%3DeyJpZCI6MTQ4LCJ1cmwiOiJodHRwczpcL1wvcGV0LWhvcml6b24uY29tXC93cC1jb250ZW50XC91cGxvYWRzXC8yMDI2XC8wMlwvZXF1aXBtZW50MDMucG5nIiwic2xpZGVzaG93IjoiZmI4YzcyOSJ9\" href='https:\/\/pet-horizon.com\/wp-content\/uploads\/2026\/02\/equipment03.png'><img loading=\"lazy\" decoding=\"async\" width=\"600\" height=\"400\" src=\"https:\/\/pet-horizon.com\/wp-content\/uploads\/2026\/02\/equipment03.png\" class=\"attachment-full size-full\" alt=\"\" srcset=\"https:\/\/pet-horizon.com\/wp-content\/uploads\/2026\/02\/equipment03.png 600w, https:\/\/pet-horizon.com\/wp-content\/uploads\/2026\/02\/equipment03-300x200.png 300w, https:\/\/pet-horizon.com\/wp-content\/uploads\/2026\/02\/equipment03-18x12.png 18w\" sizes=\"(max-width: 600px) 100vw, 600px\" \/><\/a>\n\t\t\t<\/div><\/figure>\n\t\t<\/div>\n\t\t<\/div>\n\t\t\t\t\t\t<\/div>\n\t\t\t\t<\/div>\n\t\t<div class=\"elementor-element elementor-element-3389322 e-con-full e-flex e-con e-child\" data-id=\"3389322\" data-element_type=\"container\" data-e-type=\"container\" data-settings=\"{&quot;background_background&quot;:&quot;classic&quot;}\">\n\t\t\t\t<div class=\"elementor-element elementor-element-bddd274 elementor-widget elementor-widget-heading\" data-id=\"bddd274\" data-element_type=\"widget\" data-e-type=\"widget\" data-widget_type=\"heading.default\">\n\t\t\t\t\t<h2 class=\"elementor-heading-title elementor-size-default\">\u00c0 propos de l'usine<\/h2>\t\t\t\t<\/div>\n\t\t\t\t<div class=\"elementor-element elementor-element-3b29e13 elementor-widget elementor-widget-image\" data-id=\"3b29e13\" data-element_type=\"widget\" data-e-type=\"widget\" data-widget_type=\"image.default\">\n\t\t\t\t\t\t\t\t\t\t\t\t\t\t\t<img loading=\"lazy\" decoding=\"async\" width=\"600\" height=\"600\" src=\"https:\/\/pet-horizon.com\/wp-content\/uploads\/2026\/02\/factory01.png\" class=\"attachment-full size-full wp-image-152\" alt=\"\" srcset=\"https:\/\/pet-horizon.com\/wp-content\/uploads\/2026\/02\/factory01.png 600w, https:\/\/pet-horizon.com\/wp-content\/uploads\/2026\/02\/factory01-300x300.png 300w, https:\/\/pet-horizon.com\/wp-content\/uploads\/2026\/02\/factory01-150x150.png 150w, https:\/\/pet-horizon.com\/wp-content\/uploads\/2026\/02\/factory01-12x12.png 12w, https:\/\/pet-horizon.com\/wp-content\/uploads\/2026\/02\/factory01-100x100.png 100w\" sizes=\"(max-width: 600px) 100vw, 600px\" \/>\t\t\t\t\t\t\t\t\t\t\t\t\t\t\t<\/div>\n\t\t\t\t<\/div>\n\t\t\t\t\t<\/div>\n\t\t\t\t<\/div>\n\t\t\t\t<\/div>","protected":false},"excerpt":{"rendered":"<p>ABOUT Beyond Practical. Purely Trendy. Two\u2011Way Love. Heartfelt Design. Green Pet Life. Kind to All. Exclusive Formulas. For Every Pet. about PET HORIZON PETS PLANET PRODUCTS CO., LTD. owns many brands, of which PET HORIZON is the most popular. PET HORIZON was registered in 2021 and is currently registered in many countries in Southeast Asia. [&hellip;]<\/p>\n","protected":false},"author":1,"featured_media":0,"parent":0,"menu_order":0,"comment_status":"closed","ping_status":"closed","template":"","meta":{"footnotes":""},"class_list":["post-109","page","type-page","status-publish","hentry"],"_links":{"self":[{"href":"https:\/\/pet-horizon.com\/fr\/wp-json\/wp\/v2\/pages\/109","targetHints":{"allow":["GET"]}}],"collection":[{"href":"https:\/\/pet-horizon.com\/fr\/wp-json\/wp\/v2\/pages"}],"about":[{"href":"https:\/\/pet-horizon.com\/fr\/wp-json\/wp\/v2\/types\/page"}],"author":[{"embeddable":true,"href":"https:\/\/pet-horizon.com\/fr\/wp-json\/wp\/v2\/users\/1"}],"replies":[{"embeddable":true,"href":"https:\/\/pet-horizon.com\/fr\/wp-json\/wp\/v2\/comments?post=109"}],"version-history":[{"count":25,"href":"https:\/\/pet-horizon.com\/fr\/wp-json\/wp\/v2\/pages\/109\/revisions"}],"predecessor-version":[{"id":538,"href":"https:\/\/pet-horizon.com\/fr\/wp-json\/wp\/v2\/pages\/109\/revisions\/538"}],"wp:attachment":[{"href":"https:\/\/pet-horizon.com\/fr\/wp-json\/wp\/v2\/media?parent=109"}],"curies":[{"name":"wp","href":"https:\/\/api.w.org\/{rel}","templated":true}]}}