{"id":354,"date":"2026-03-16T07:38:38","date_gmt":"2026-03-16T07:38:38","guid":{"rendered":"https:\/\/pet-horizon.com\/?post_type=product&#038;p=354"},"modified":"2026-03-23T03:27:51","modified_gmt":"2026-03-23T03:27:51","slug":"bentonite-cat-litter","status":"publish","type":"product","link":"https:\/\/pet-horizon.com\/fr\/product\/bentonite-cat-litter\/","title":{"rendered":"Liti\u00e8re pour chats \u00e0 la bentonite"},"content":{"rendered":"<p>La liti\u00e8re pour chats \u00e0 base de bentonite a \u00e9t\u00e9 soigneusement mise au point. Elle a \u00e9t\u00e9 am\u00e9lior\u00e9e \u00e0 plusieurs reprises pour r\u00e9soudre les probl\u00e8mes courants li\u00e9s aux liti\u00e8res pour chats, tels que la duret\u00e9 des agglom\u00e9rats, la poussi\u00e8re, le contr\u00f4le des odeurs et la tra\u00e7abilit\u00e9. Elle utilise des mati\u00e8res premi\u00e8res de haute qualit\u00e9 provenant de mines. Apr\u00e8s des r\u00e9actions chimiques suffisantes, la duret\u00e9 de la liti\u00e8re est am\u00e9lior\u00e9e.<\/p>\n<p>Lorsque les chats marchent sur les agglom\u00e9rats, leurs pattes ne collent pas facilement \u00e0 la liti\u00e8re et ne salissent pas le sol. Le rapport scientifique entre les diff\u00e9rentes tailles de particules acc\u00e9l\u00e8re l'absorption de l'eau et r\u00e9duit le probl\u00e8me des petites particules qui restent coinc\u00e9es entre les orteils des chats. Les diff\u00e9rents parfums d\u00e9licats ne sont pas aussi agressifs que les parfums industriels ; ils lib\u00e8rent un ar\u00f4me agr\u00e9able au contact de l'humidit\u00e9.<\/p>\n<p><strong>Sp\u00e9cifications :<\/strong><\/p>\n<p>10L (8kg), 3 sacs\/paquet ;<br \/>\n5L (4kg), 6 sacs\/paquet ;<br \/>\n25L (20kg), 1 sac\/PCK.<\/p>\n<p><strong>Parfums disponibles :<\/strong><\/p>\n<p>Original, pomme, citron, lavande, rose, fraise, caf\u00e9, charbon actif, poudre pour b\u00e9b\u00e9, etc.<\/p>","protected":false},"excerpt":{"rendered":"<p>Abordable et rentable ; s'agglom\u00e8re rapidement au contact du liquide.<\/p>\n<p>Les mottes sont fermes et solides, ce qui rend le nettoyage facile et pratique.<\/p>","protected":false},"featured_media":375,"comment_status":"open","ping_status":"closed","template":"","meta":[],"product_brand":[],"product_cat":[22],"product_tag":[],"class_list":{"0":"post-354","1":"product","2":"type-product","3":"status-publish","4":"has-post-thumbnail","6":"product_cat-cat-litter","8":"first","9":"instock","10":"shipping-taxable","11":"product-type-simple"},"_links":{"self":[{"href":"https:\/\/pet-horizon.com\/fr\/wp-json\/wp\/v2\/product\/354","targetHints":{"allow":["GET"]}}],"collection":[{"href":"https:\/\/pet-horizon.com\/fr\/wp-json\/wp\/v2\/product"}],"about":[{"href":"https:\/\/pet-horizon.com\/fr\/wp-json\/wp\/v2\/types\/product"}],"replies":[{"embeddable":true,"href":"https:\/\/pet-horizon.com\/fr\/wp-json\/wp\/v2\/comments?post=354"}],"version-history":[{"count":4,"href":"https:\/\/pet-horizon.com\/fr\/wp-json\/wp\/v2\/product\/354\/revisions"}],"predecessor-version":[{"id":540,"href":"https:\/\/pet-horizon.com\/fr\/wp-json\/wp\/v2\/product\/354\/revisions\/540"}],"wp:featuredmedia":[{"embeddable":true,"href":"https:\/\/pet-horizon.com\/fr\/wp-json\/wp\/v2\/media\/375"}],"wp:attachment":[{"href":"https:\/\/pet-horizon.com\/fr\/wp-json\/wp\/v2\/media?parent=354"}],"wp:term":[{"taxonomy":"product_brand","embeddable":true,"href":"https:\/\/pet-horizon.com\/fr\/wp-json\/wp\/v2\/product_brand?post=354"},{"taxonomy":"product_cat","embeddable":true,"href":"https:\/\/pet-horizon.com\/fr\/wp-json\/wp\/v2\/product_cat?post=354"},{"taxonomy":"product_tag","embeddable":true,"href":"https:\/\/pet-horizon.com\/fr\/wp-json\/wp\/v2\/product_tag?post=354"}],"curies":[{"name":"wp","href":"https:\/\/api.w.org\/{rel}","templated":true}]}}