{"id":359,"date":"2026-03-16T08:21:48","date_gmt":"2026-03-16T08:21:48","guid":{"rendered":"https:\/\/pet-horizon.com\/?post_type=product&#038;p=359"},"modified":"2026-03-20T09:56:10","modified_gmt":"2026-03-20T09:56:10","slug":"cat-sticks","status":"publish","type":"product","link":"https:\/\/pet-horizon.com\/fr\/product\/cat-sticks\/","title":{"rendered":"B\u00e2tons pour chats"},"content":{"rendered":"<ul>\n<li>Du thon et du saumon p\u00each\u00e9s en haute mer dont tous les chats raffolent.<\/li>\n<li>Thon et airelles ; Thon et chardon-marie ; Saumon et extrait de canneberge ; Saumon et ginseng.<\/li>\n<li>Airelle - Aide \u00e0 am\u00e9liorer la vision et le syst\u00e8me immunitaire de votre chat ; Ginseng - Augmente le niveau d'\u00e9nergie ; Chardon-Marie - Am\u00e9liore les fonctions r\u00e9nales ; Extrait de canneberge - Favorise la sant\u00e9 des voies urinaires.<\/li>\n<li>Combin\u00e9 avec des herbes m\u00e9dicales traditionnelles naturelles qui non seulement aident \u00e0 am\u00e9liorer la sant\u00e9 et le bien-\u00eatre du chat, mais fournissent \u00e9galement des suppl\u00e9ments naturels qui seront grandement b\u00e9n\u00e9fiques pour votre chat.<\/li>\n<li>Produit \u00e0 partir de viande de poisson de haute mer captur\u00e9 \u00e0 l'\u00e9tat sauvage. Aucun ar\u00f4me ou colorant artificiel n'est ajout\u00e9.<\/li>\n<\/ul>","protected":false},"excerpt":{"rendered":"<p><strong>Analyse nutritionnelle :<\/strong><\/p>\n<p>1. Thon &amp; baie de Goji : Prot\u00e9ines brutes \u2265 8,64%, Mati\u00e8res grasses brutes \u2265 0,6%, Cendres brutes \u2264 1%, Calcium 0,05%, Phosphore 0,06%.<\/p>\n<p>2. Thon &amp; Chardon Marie : Prot\u00e9ines brutes \u2265 8,77%, Mati\u00e8res grasses brutes \u2265 1,5%, Cendres brutes \u2264 1%, Calcium 0,07%, Phosphore 0,07%.<\/p>\n<p>3. Saumon et canneberge : Prot\u00e9ines brutes \u2265 8,6%, Mati\u00e8res grasses brutes \u2265 1,4%, Cendres brutes \u2264 1%, Calcium 0,05%, Phosphore 0,08%.<\/p>\n<p>4. Saumon &amp; Ginseng : Prot\u00e9ines brutes \u2265 8,5%, Mati\u00e8res grasses brutes \u2265 1,3%, Cendres brutes \u2264 1%, Calcium 0,05%, Phosphore 0,08%.<\/p>","protected":false},"featured_media":386,"comment_status":"open","ping_status":"closed","template":"","meta":[],"product_brand":[],"product_cat":[23],"product_tag":[],"class_list":{"0":"post-359","1":"product","2":"type-product","3":"status-publish","4":"has-post-thumbnail","6":"product_cat-cat-snacks","8":"first","9":"instock","10":"shipping-taxable","11":"product-type-simple"},"_links":{"self":[{"href":"https:\/\/pet-horizon.com\/fr\/wp-json\/wp\/v2\/product\/359","targetHints":{"allow":["GET"]}}],"collection":[{"href":"https:\/\/pet-horizon.com\/fr\/wp-json\/wp\/v2\/product"}],"about":[{"href":"https:\/\/pet-horizon.com\/fr\/wp-json\/wp\/v2\/types\/product"}],"replies":[{"embeddable":true,"href":"https:\/\/pet-horizon.com\/fr\/wp-json\/wp\/v2\/comments?post=359"}],"version-history":[{"count":4,"href":"https:\/\/pet-horizon.com\/fr\/wp-json\/wp\/v2\/product\/359\/revisions"}],"predecessor-version":[{"id":546,"href":"https:\/\/pet-horizon.com\/fr\/wp-json\/wp\/v2\/product\/359\/revisions\/546"}],"wp:featuredmedia":[{"embeddable":true,"href":"https:\/\/pet-horizon.com\/fr\/wp-json\/wp\/v2\/media\/386"}],"wp:attachment":[{"href":"https:\/\/pet-horizon.com\/fr\/wp-json\/wp\/v2\/media?parent=359"}],"wp:term":[{"taxonomy":"product_brand","embeddable":true,"href":"https:\/\/pet-horizon.com\/fr\/wp-json\/wp\/v2\/product_brand?post=359"},{"taxonomy":"product_cat","embeddable":true,"href":"https:\/\/pet-horizon.com\/fr\/wp-json\/wp\/v2\/product_cat?post=359"},{"taxonomy":"product_tag","embeddable":true,"href":"https:\/\/pet-horizon.com\/fr\/wp-json\/wp\/v2\/product_tag?post=359"}],"curies":[{"name":"wp","href":"https:\/\/api.w.org\/{rel}","templated":true}]}}