{"id":362,"date":"2026-03-16T08:29:49","date_gmt":"2026-03-16T08:29:49","guid":{"rendered":"https:\/\/pet-horizon.com\/?post_type=product&#038;p=362"},"modified":"2026-03-20T09:58:04","modified_gmt":"2026-03-20T09:58:04","slug":"fish-fillets","status":"publish","type":"product","link":"https:\/\/pet-horizon.com\/fr\/product\/fish-fillets\/","title":{"rendered":"Filets de poisson"},"content":{"rendered":"<ul>\n<li>Produit \u00e0 partir de poissons d'eau profonde captur\u00e9s \u00e0 l'\u00e9tat sauvage (thon, saumon et poissons de la mer du Nord).<\/li>\n<li>Fra\u00eechement cuit et emball\u00e9 sous vide pour conserver la fra\u00eecheur que vos chats vont certainement adorer.<\/li>\n<li>Cuisson \u00e0 la vapeur pour conserver la fra\u00eecheur. Sans ar\u00f4mes ni colorants artificiels.<\/li>\n<li>Restaurer le go\u00fbt le plus original pour le plus grand plaisir de votre chat.<\/li>\n<\/ul>","protected":false},"excerpt":{"rendered":"<p><strong>Analyse nutritionnelle :<\/strong><\/p>\n<p>Prot\u00e9ines brutes \u2265 22%, Mati\u00e8res grasses brutes \u2265 3%, Fibres brutes \u2264 0,1%, Cendres brutes \u2264 1,5%.<\/p>","protected":false},"featured_media":394,"comment_status":"open","ping_status":"closed","template":"","meta":[],"product_brand":[],"product_cat":[23],"product_tag":[],"class_list":{"0":"post-362","1":"product","2":"type-product","3":"status-publish","4":"has-post-thumbnail","6":"product_cat-cat-snacks","8":"first","9":"instock","10":"shipping-taxable","11":"product-type-simple"},"_links":{"self":[{"href":"https:\/\/pet-horizon.com\/fr\/wp-json\/wp\/v2\/product\/362","targetHints":{"allow":["GET"]}}],"collection":[{"href":"https:\/\/pet-horizon.com\/fr\/wp-json\/wp\/v2\/product"}],"about":[{"href":"https:\/\/pet-horizon.com\/fr\/wp-json\/wp\/v2\/types\/product"}],"replies":[{"embeddable":true,"href":"https:\/\/pet-horizon.com\/fr\/wp-json\/wp\/v2\/comments?post=362"}],"version-history":[{"count":3,"href":"https:\/\/pet-horizon.com\/fr\/wp-json\/wp\/v2\/product\/362\/revisions"}],"predecessor-version":[{"id":548,"href":"https:\/\/pet-horizon.com\/fr\/wp-json\/wp\/v2\/product\/362\/revisions\/548"}],"wp:featuredmedia":[{"embeddable":true,"href":"https:\/\/pet-horizon.com\/fr\/wp-json\/wp\/v2\/media\/394"}],"wp:attachment":[{"href":"https:\/\/pet-horizon.com\/fr\/wp-json\/wp\/v2\/media?parent=362"}],"wp:term":[{"taxonomy":"product_brand","embeddable":true,"href":"https:\/\/pet-horizon.com\/fr\/wp-json\/wp\/v2\/product_brand?post=362"},{"taxonomy":"product_cat","embeddable":true,"href":"https:\/\/pet-horizon.com\/fr\/wp-json\/wp\/v2\/product_cat?post=362"},{"taxonomy":"product_tag","embeddable":true,"href":"https:\/\/pet-horizon.com\/fr\/wp-json\/wp\/v2\/product_tag?post=362"}],"curies":[{"name":"wp","href":"https:\/\/api.w.org\/{rel}","templated":true}]}}